{"id":9,"date":"2021-03-04T21:28:10","date_gmt":"2021-03-04T21:28:10","guid":{"rendered":"https:\/\/sinnerdc.com\/?page_id=9"},"modified":"2024-10-15T23:22:07","modified_gmt":"2024-10-15T23:22:07","slug":"about","status":"publish","type":"page","link":"https:\/\/sinnerdc.com\/index.php\/about\/","title":{"rendered":"ABOUT"},"content":{"rendered":"<p><a href=\"https:\/\/sinnerdc.com\/wp-content\/uploads\/2021\/05\/LP-2.jpg\" target=\"_blank\" rel=\"noopener\"><img loading=\"lazy\" decoding=\"async\" class=\"alignnone wp-image-489\" src=\"https:\/\/sinnerdc.com\/wp-content\/uploads\/2021\/05\/LP-2-300x195.jpg\" alt=\"\" width=\"580\" height=\"377\" srcset=\"https:\/\/sinnerdc.com\/wp-content\/uploads\/2021\/05\/LP-2-300x195.jpg 300w, https:\/\/sinnerdc.com\/wp-content\/uploads\/2021\/05\/LP-2-1024x664.jpg 1024w, https:\/\/sinnerdc.com\/wp-content\/uploads\/2021\/05\/LP-2-768x498.jpg 768w, https:\/\/sinnerdc.com\/wp-content\/uploads\/2021\/05\/LP-2.jpg 1061w\" sizes=\"auto, (max-width: 580px) 100vw, 580px\" \/><\/a><\/p>\n<p>LAURENT GARNIER\/ FRANCE\u00a0:\u00a0&#8220;WHAOUUUUUUU, WHAT A MAGNIFICENT ALBUM\u2026\u00a0THE MUSIC, THE ATMOSPHERE, THE TEXTURES&#8230; FRANKLY IT\u2019S SUBLIME&#8230; J&#8217;ADORE!!!&#8221;<\/p>\n<p>HYBRID THEORY\/ FOUR40 RECORDS\u00a0:\u00a0&#8220;SICK&#8221;<\/p>\n<p>MEAT\/ ROBERT JOHNSON : &#8220;MASSIVE!&#8221;<\/p>\n<p>SISTER BLISS\/ MINISTRY OF SOUND\/ FAITHLESS\u00a0:\u00a0&#8220;BEAUTIFUL TEXTURES AND MOODS.&#8221;<\/p>\n<p>RONE\/ INFIN\u00c9\u00a0:\u00a0&#8220;BRAVO BRAVO BRAVO POUR VOTRE NOUVEL ALBUM! IL EST MAGNIFIQUE!\u00a0C\u2019EST LE GRAND RETOUR DE SINNER DC!&#8221;<\/p>\n<p>NICK LUSCOMBE\/ BBC\u00a0:\u00a0&#8220;A COMPUTER SYMPHONY TUNING UP&#8230; SUBLIME.&#8221;<\/p>\n<p>SCANNER\/ ROBIN RIMBAUD\u00a0:\u00a0&#8220;LET ME START BY SAYING HOW MUCH I\u00a0REALLY ENJOY\u00a0THE ALBUM&#8230;\u00a0HYPNOTIC, ORGANIC, CLOUDY,\u00a0<wbr \/>REPETITIVE AND LANGUOROUS&#8230;\u00a0IT\u2019S AUDIO VALIUM FOR DARK EVENINGS AND QUIET MORNINGS.&#8221;<\/p>\n<p>TREVOR JACKSON\/ PLAYGROUP\u00a0:\u00a0&#8220;VERY MUCH ENJOYING THE ALBUM.\u00a0SECOND TRACK PARTICULARLY IS BRILLIANT!&#8221;<\/p>\n<p>PAUL LORAINE\/ RHYTHM CULT\u00a0:\u00a0&#8220;THIS IS THE MUSIC THAT NEVER GETS OLD!&#8221;<\/p>\n<p>JENNIFER CARDINI\/ CORRESPONDANT\u00a0:\u00a0&#8220;\u2605\u2605\u2605\u2605\u2605&#8221;<\/p>\n<p>TSUGI RADIO\/ ANTOINE DABROWSKI\u00a0:\u00a0&#8220;TSUGI RADIO LOVES IT&#8221; &#8220;\u2605\u2605\u2605\u2605\u2605&#8221;<\/p>\n<p>DJ MAG ES\u00a0:\u00a0&#8220;NUNCA ANTES LO HAB\u00cdAN HECHO CON UN ROLLO TAN INMERSIVO.\u00a0ELECTR\u00d3NICA PROFUNDA A LA VEZ QUE POP Y SENSORIAL. SE NOS VA LA MENTE\u00a0PARA OTRO LADO.&#8221;<\/p>\n<p>RAMPUE\/ BERLIN\u00a0:\u00a0&#8220;GREAT SOUNDS&#8221;<\/p>\n<p>M50\/ WNUR\u00a0:\u00a0&#8220;HUGE WELCOME BACK TO SINNER DC, LEGENDS. BRILLIANT WORK,\u00a0AS ALWAYS.&#8221;<\/p>\n<p>SEAN-MICHAEL YODER\/ CALIFORNIA\/ IBIZA VOICE : &#8220;FANTASTIC ALBUM.\u00a0LOVE THESE GUYS.&#8221;<\/p>\n<p>JOHN MONKMAN\/ LONDON\u00a0:\u00a0&#8220;WONDEROUS SOUNDS&#8230; LOVE-&#8221;<\/p>\n<p>ALAN CORMODE\/ KINRADE\u00a0:\u00a0&#8220;A MESMERISING BODY OF WORK&#8230;\u00a0WONDERFUL STUFF.&#8221;<\/p>\n<p>KRISTIJAN MOLNAR : &#8220;SOUNDS FANTASTIC, THANK YOU!&#8221;<\/p>\n<p>RONI FIALKOW\/ TEL AVIV\/ POP LOCK\u00a0:\u00a0&#8220;THIS IS REALLY SOMETHING! WOW&#8221;<\/p>\n<p>SANTIAGO SALAZAR\u00a0:\u00a0&#8220;THIS WHOLE ALBUM IS GREAT. THANKS FOR THIS!&#8221;<\/p>\n<p>TUOMAS &#8220;PHONOGENIC&#8221; SALMELA \/ MISC \/ FINLAND\u00a0:\u00a0&#8220;ORIGINAL SOUNDING RELEASE.\u00a0WE DON&#8217;T GET ENOUGH OF THIS.&#8221;<\/p>\n<p>ANGEL MOLINA\/ 30D\/ BARCELONA\u00a0:\u00a0&#8220;GOOD TO SEE THAT SINNER DC ARE BACK!\u00a0EXCELLENT TIMELESS ELECTRONICA STUFF, VERY INTIMISTIC AND MELANCHOLIC&#8230;\u00a0WILL ENJOY HOME, ESPECIALLY THE DARK DAYS WE ARE LIVING. THANKS!!!&#8221;<\/p>\n<p>SEAN JOHNSTON\/ A LOVE FROM OUTER SPACE \/ LONDON\u00a0:\u00a0&#8220;\u2605\u2605\u2605\u2605\u2605&#8221;<\/p>\n<p>JOSEF SEDLON\/ RADIO 1 PRAGUE\u00a0:\u00a0&#8220;GREAT, SINNER DC ARE BACK.\u00a0COOL ELECTRONIC STUFF WITH UNIQUE ATMOSPHERE. FULL SUPPORT.&#8221;<\/p>\n<p>TOMI CHAIR\/ TOKYO\u00a0:\u00a0&#8220;AMAZING ALBUM!!!&#8221;<\/p>\n<p>DARWIN\/ BERLIN\/ SPE:C\u00a0:\u00a0&#8220;THIS IS REALLY PRETTY &lt;3&#8221;<\/p>\n<p align=\"left\">JAMES HOLDEN : &#8220;BIG FAN OF YOUR WORK.&#8221;<\/p>\n<p>THE WIRE : &#8220;A SINGULAR, SWOONING TAKE ON ELECTRONICA&#8230; &#8221;<\/p>\n<p>NEW YORK TIMES : &#8220;HAZY AND PROPULSIVE, GURGLING KEYBOARDS\u00a0AND SOUND EFFECTS ON TOP OF ULTRA PRECISE BEATS&#8230;&#8221;<\/p>\n<p>LIBERATION : &#8220;UN ALBUM DE MATURIT\u00c9 R\u00c9USSISSANT UNE SYNTH\u00c8SE IN\u00c9DITE&#8230;\u00a0NOTRE DISQUE FOURNAISE DE L&#8217;ANN\u00c9E.&#8221;<\/p>\n<p>LES INROCKUPTIBLES : &#8220;UN ALBUM FRAGILE ET BOULEVERSANT&#8230;&#8221;<\/p>\n<p>NME : &#8220;A RECOMMENDATION.&#8221;<\/p>\n<p>MAGIC : &#8220;LES GENEVOIS SIGNENT UN NOUVEL ESSAI PARFAIT.&#8221;<\/p>\n<p>TEXTURA : &#8220;THE TRIO HAS HONED THE ALBUM&#8217;S MATERIAL TO NEAR-PERFECTION.&#8221;<\/p>\n<p>TSUGI : &#8220;L&#8217;\u00c9LECTRONICA LA PLUS R\u00caVEUSE ET AVENTUREUSE.&#8221;<\/p>\n<p>TECHNIKART : &#8220;UNE \u00c9LECTRO NOIRE ET AMBITIEUSE.&#8221;<\/p>\n<p>BEATS AND BEYOND : &#8220;ELECTRONIC MUSIC AT THE PINNACLE OF INTENSITY,\u00a0AND A GENRE CLASSIC IN THE MAKING. GET IT!&#8221;<\/p>\n<p>PEDRO WINTER\/ BUSY P : &#8220;L&#8217;ALBUM TOURNE EN BOUCLE CHEZ MOI.&#8221;<\/p>\n<p>DE:BUG : &#8220;FANTASTISCH.&#8221;<\/p>\n<p align=\"left\">ALEXIS BERNIER : &#8220;SINNER DC EST UN GRAND GROUPE.&#8221;<\/p>\n<p align=\"left\">NICK LUSCOMBE : &#8220;&#8230; I LOVE IT.&#8221;<\/p>\n<p>ELECTRONIC BEATS : &#8220;THEIR WELL-CRAFTED NOISE-POP IS ON REPEAT IN OUR OFFICES&#8230;&#8221;<\/p>\n<p>REBOLLEDO : &#8220;REALLY REALLY GREAT&#8221;<\/p>\n<p>RESIDENT ADVISOR : &#8220;EMOTIONALLY INTENSE BRILLIANCE&#8230; ENCHANTING!&#8221;<\/p>\n<p>RICHARD DAVIS (CYBOTRON) : &#8220;YOUR SINS ARE FORGIVEN&#8230;&#8221;<\/p>\n<p>THE MILK FACTORY : &#8220;FUTURE THAT NEVER HAPPENED REMAINS PRETTY MUCH\u00a0WITHOUT EQUALS\u00a0AND STANDS OUT FROM THIS YEAR\u2019S CROP FOR\u00a0ALL THE RIGHT REASONS.&#8221;<\/p>\n<p>JOSEPH GOSHN : &#8220;SPLENDIDE&#8230; UN SAVOIR FAIRE \u00c9VOQUANT LE MEILLEUR DE WARP,\u00a0MAIS AVEC UNE ESTH\u00c9TIQUE PLUS MODERNE ENCORE.&#8221;<\/p>\n<p>KEYTARS &amp; VIOLINS : &#8220;AFTER BEING ENAMORED WITH BROODING SWISS ELECTRONIC\u00a0TRIO SINNER DC, IT&#8217;S A JOY TO HEAR THEM BACK.&#8221;<\/p>\n<p>PLAID : &#8220;GREAT SONGS!&#8221;<\/p>\n<p>JENNIFER CARDINI : &#8220;I DON&#8217;T DO THIS OFTEN BUT YOU SHOULD GET THE NEW SINNER DC\u00a0ALBUM OUT ON MENTAL GROOVE&#8221;<\/p>\n<p>GROOVE : &#8220;FUTURE THAT NEVER HAPPENED, EINEM WUNDERBAR AUSGEREIFTEN\u00a0UND\u00a0ERWACHSENEN ALBUM,\u00a0DAS VOR ALLEM AUCH AUF DIE ENTSPRECHENDE\u00a0LIVE-UMSETZUNG NEUGIERIG MACHT.&#8221;<\/p>\n<p>RIF RAFT : &#8220;CET ALBUM NE RESSEMBLE \u00c0 RIEN D&#8217;EXISTANT OU PRESQUE.\u00a0&#8220;FUTURE THAT NEVER HAPPENED&#8221;\u00a0EST UN JOYAU DE MUSIQUE \u00c9LECTRONIQUE INSPIR\u00c9E.\u00a0TOUT BONNEMENT SUPERBE.&#8221;<\/p>\n<p>CLASH MAGAZINE : &#8220;THE RESULT IS SOMETHING BOTH OVERCAST AND KALEIDOSCOPIC.&#8221;<\/p>\n<p>COLETTE : &#8220;PARFAITE BANDE SON D&#8217;UN TRIP COSMIQUE EN PLEIN D\u00c9SERT.&#8221;<\/p>\n<p>FRANCE INTER : &#8220;SINNER DC INVENTE UNE BANDE SON EN QU\u00caTE D&#8217;ABSOLU.&#8221;<br \/>\n+ BEST OF 2012 : PIERRE JABOT (ADDICTIONS)<\/p>\n<p>GET THE CURSE : &#8221; HEARTFELT TRACKS, COLD AND SPACY BUT NOT WITHOUT A SENSITIVITY\u00a0WHICH I\u2019M GOING TO CALL \u2018ALPINE\u2019\u2026\u00a0THIS IS MUSIC TO LISTEN TO ON THE TOP OF A GLACIER.&#8221;<\/p>\n<p>CLUBBINSPAIN : &#8220;OTRA COSA ESENCIAL PARA QUE FUTURE THAT NEVER HAPPENED SE\u00a0SOSTENGA\u00a0ES LO C\u00d3MODO\u00a0QUE SE ESCUCHA DE PRINCIPIO A FIN. LAS FRONTERAS ENTRE\u00a0TEMA Y TEMA SON M\u00cdNIMAS,\u00a0LA SUMA FINAL, DELICIOSA.<br \/>\nNOTA: 9\/10.+ RESUMEN 2012: LOS 10 MEJORES \u00c1LBUMES&#8221;<\/p>\n<p>IBIZA VOICE (PETE ADKINS) : &#8220;EXCELLENT NEW ALBUM.&#8221;<\/p>\n<p>PATRICE BAUMEL &amp; NUNO DOS SANTOS : &#8220;THEY ARE AWESOME.&#8221;<\/p>\n<p>PLAYGROUND : &#8220;DECIR QUE ES ESPECTACULAR ES QUEDARSE CORTO.&#8221;<\/p>\n<p>DDAMAGE : &#8220;NOUS SOMMES FANS ULTIME DE VOTRE MUSIQUE DEPUIS TOUJOURS.&#8221;<\/p>\n<p>TRAX : &#8220;LES MEMBRES DE SINNER DC NOUS PLONGENT DANS UNE EXP\u00c9RIENCE SUBLIMINALE&#8230;\u00a0UN ROAD TRIP FA\u00c7ON DAVID LYNCH O\u00d9 L&#8217;ON PLANE AU DESSUS DES ROCHEUSES&#8230;\u00a0L&#8217;AIR DE GEN\u00c8VE EST BON POUR L&#8217;INSPIRATION.&#8221;<\/p>\n<p>GO MAG : &#8220;UN IRRESISTIBLE ACENTO POP&#8230; UNA LUMINOSIDAD IRIDISCENTE.&#8221;<\/p>\n<p>LE GRAND BAZART : &#8220;CROISEMENT DE MONDES PARALL\u00c8LES O\u00d9 LA BEAUT\u00c9 R\u00c8GNE\u00a0SEULE EN MAITRESSE ABSOLUE,\u00a0LE NOUVEL OPUS DES HELV\u00c8TES TUTOIE AVEC\u00a0LA PERFECTION&#8230; UN \u00c9NORME DISQUE CATHARTIQUE. VITAL.&#8221;<\/p>\n<p>VICE : &#8220;IRR\u00c9SISTIBLE VOYAGE EN SOUS-MARIN AU PLUS PROFOND DES ABYSSES&#8230;&#8221;<\/p>\n<p>AVOPOLIS : TOP OF ALBUMS 2012 : #4<\/p>\n<p align=\"left\">OTHERSIDEOFMUSIC : &#8220;BEAUTIFUL MELANCHOLIC AND ATMOSPHERIC MUSIC&#8230;&#8221;<\/p>\n<p>FAZE MAG : &#8220;IN DER EINTRETENDEN EKSTASE VERWEILEN LASSEN&#8221;<\/p>\n<p align=\"left\">STANDARD MAGAZINE : &#8220;UN ALBUM FRANCHEMENT IRR\u00c9SISTIBLE &#8230;&#8221;<\/p>\n<p>DRS-VIRUS : &#8220;10 SONGS, DIE UNS EINFACH NUR TR\u00c4UMEN LASSEN.&#8221;<\/p>\n<p>DENSO MAG : &#8220;20 \u00c1LBUMES IMPRESCINDIBLES DEL 2012 : SINNER DC NO 3 !\u00a0FASCINA ESA LENTITUD Y PROFUNDIDAD ROCK QUE LE DAN AL TECHNO.&#8221;<\/p>\n<p>FLUO MAGAZINE : &#8220;ALBUM DU MOIS. PARFAITE PETITE \u00d4DE R\u00c9TRO-FUTURISTE\u00a0SUR LE LABEL MENTAL GROOVE&#8221;<\/p>\n<p>2MUCHPONEY : &#8220;D\u00c9COUVERTE DE TAILLE DONC, TANT LE DISQUE NOUS AURA\u00a0LAISS\u00c9 SANS VOIX.\u00a0ON VOYAGE, ON TREMBL\u00c9, L\u2019\u00c9MOTION NOUS GAGNE.&#8221;<\/p>\n<p>THINK TANK : &#8220;EXCELLENT&#8221;<\/p>\n<p>TERENCE FIXMER : &#8220;ALWAYS GOOD MUSIC COMING FROM SINNER DC,\u00a0SOULFULL AND ATMOSPHERIC.&#8221;<\/p>\n<p>ASCII.DISKO \/ THE LEFT HAND PATH : &#8220;HOLY FUCKIN&#8217; SHIT!\u00a0THIS IS HONESTLY THE BEST TRACK I HEARD FOR A LONG LONG TIME! (ENDLESS VALLEY)&#8221;<\/p>\n<p>PLUGGED : &#8221; PRODIGIEUX&#8230; UNE PLONG\u00c9E ABYSSALE DANS LE MEILLEUR\u00a0DE LA MUSIQUE CONTEMPLATIVE. CAPTIVANT.&#8221;<\/p>\n<p>BEAT : &#8220;IN GRAUZONEN KANN MAN MUSIKALISCHES GOLD FINDEN.&#8221;<\/p>\n<p>AGORIA : &#8220;5\/5&#8221;<\/p>\n<p>CROOKERS : &#8220;LOVE IT&#8221;<\/p>\n<p>&nbsp;<\/p>\n<p align=\"left\"><img loading=\"lazy\" decoding=\"async\" class=\"wp-image-474 aligncenter\" src=\"https:\/\/sinnerdc.com\/wp-content\/uploads\/2021\/03\/cropped-MG-e1650745661216-300x300.jpg\" alt=\"\" width=\"266\" height=\"266\" srcset=\"https:\/\/sinnerdc.com\/wp-content\/uploads\/2021\/03\/cropped-MG-e1650745661216-300x300.jpg 300w, https:\/\/sinnerdc.com\/wp-content\/uploads\/2021\/03\/cropped-MG-e1650745661216-150x150.jpg 150w, https:\/\/sinnerdc.com\/wp-content\/uploads\/2021\/03\/cropped-MG-e1650745661216.jpg 466w\" sizes=\"auto, (max-width: 266px) 100vw, 266px\" \/><\/p>\n","protected":false},"excerpt":{"rendered":"<p>LAURENT GARNIER\/ FRANCE\u00a0:\u00a0&#8220;WHAOUUUUUUU, WHAT A MAGNIFICENT ALBUM\u2026\u00a0THE MUSIC, THE ATMOSPHERE, THE TEXTURES&#8230; FRANKLY IT\u2019S SUBLIME&#8230; J&#8217;ADORE!!!&#8221; HYBRID THEORY\/ FOUR40 RECORDS\u00a0:\u00a0&#8220;SICK&#8221; MEAT\/ ROBERT JOHNSON : &#8220;MASSIVE!&#8221; SISTER BLISS\/ MINISTRY OF SOUND\/ FAITHLESS\u00a0:\u00a0&#8220;BEAUTIFUL TEXTURES AND MOODS.&#8221; RONE\/ INFIN\u00c9\u00a0:\u00a0&#8220;BRAVO BRAVO BRAVO POUR VOTRE NOUVEL ALBUM! IL EST MAGNIFIQUE!\u00a0C\u2019EST LE GRAND RETOUR DE SINNER DC!&#8221; NICK LUSCOMBE\/ BBC\u00a0:\u00a0&#8220;A COMPUTER [&hellip;]<\/p>\n","protected":false},"author":1,"featured_media":0,"parent":0,"menu_order":0,"comment_status":"closed","ping_status":"closed","template":"template-sidebar.php","meta":{"footnotes":""},"class_list":["post-9","page","type-page","status-publish","hentry"],"aioseo_notices":[],"_links":{"self":[{"href":"https:\/\/sinnerdc.com\/index.php\/wp-json\/wp\/v2\/pages\/9","targetHints":{"allow":["GET"]}}],"collection":[{"href":"https:\/\/sinnerdc.com\/index.php\/wp-json\/wp\/v2\/pages"}],"about":[{"href":"https:\/\/sinnerdc.com\/index.php\/wp-json\/wp\/v2\/types\/page"}],"author":[{"embeddable":true,"href":"https:\/\/sinnerdc.com\/index.php\/wp-json\/wp\/v2\/users\/1"}],"replies":[{"embeddable":true,"href":"https:\/\/sinnerdc.com\/index.php\/wp-json\/wp\/v2\/comments?post=9"}],"version-history":[{"count":47,"href":"https:\/\/sinnerdc.com\/index.php\/wp-json\/wp\/v2\/pages\/9\/revisions"}],"predecessor-version":[{"id":1350,"href":"https:\/\/sinnerdc.com\/index.php\/wp-json\/wp\/v2\/pages\/9\/revisions\/1350"}],"wp:attachment":[{"href":"https:\/\/sinnerdc.com\/index.php\/wp-json\/wp\/v2\/media?parent=9"}],"curies":[{"name":"wp","href":"https:\/\/api.w.org\/{rel}","templated":true}]}}